{"id":10,"date":"2018-08-24T13:24:35","date_gmt":"2018-08-24T11:24:35","guid":{"rendered":"https:\/\/Ungebunden.blogs.ruhr-uni-bochum.de\/?page_id=10"},"modified":"2021-04-20T08:50:18","modified_gmt":"2021-04-20T06:50:18","slug":"ueber-mich","status":"publish","type":"page","link":"https:\/\/ungebunden.blogs.ruhr-uni-bochum.de\/index.php\/ueber-mich\/","title":{"rendered":"DAS PROJEKT"},"content":{"rendered":"<p><span style=\"color: #000000; font-family: Times New Roman; font-size: medium;\">Durch das Projekt \u201eUNGEBUNDEN.\u201c wird die Arbeit einer Literaturagentur in einem \u00fcber ein Semester angelegten Seminar praktisch erfahrbar gemacht. Die Studierenden erwerben in mehreren Sitzungen theoretische Grundlagen. Ein weiterer Schwerpunkt des Projekts ist die Kommunikation mit den Autor*innen: Die Studierenden werden durch ein Feedback-Training und die Vermittlung von Grundlagen der Gespr\u00e4chsf\u00fchrung darauf vorbereitet. <\/span><\/p>\n<p><span style=\"color: #000000; font-family: Times New Roman; font-size: medium;\">Im zweiten Teil des Projekts folgt eine Ausschreibung, die Autor*innen zur Einreichung von belletristischen Texten einl\u00e4dt. Die eingereichten Texte werden von den Seminarteilnehmer*innen begutachtet und redigiert. Gemeinsam mit den Autor*innen wird \u00fcber eine eventuelle \u00dcberarbeitung ihrer Manuskripte und die m\u00f6gliche Platzierung auf dem literarischen Markt beraten. Abschlie\u00dfend werden die Manuskripte bei Verlagen eingereicht. <\/span><\/p>\n<p><span style=\"color: #000000; font-family: Times New Roman; font-size: medium;\">Ziel des Projekts ist es, Studierenden einen berufspraktischen Einblick in die Arbeit einer Literaturagentur zu gew\u00e4hren. W\u00e4hrend des gesamten Projekts wird zudem das eigenverantwortliche Arbeiten, Selbstmanagement und die Reflexion der eigenen Arbeit gef\u00f6rdert.\u00a0<\/span><\/p>\n<p><span style=\"color: #000000; font-family: Times New Roman; font-size: medium;\">\u201eUNGEBUNDEN. Projekt Literaturagentur\u201c ist als Projekt einzigartig.\u00a0<\/span><\/p>\n","protected":false},"excerpt":{"rendered":"<p>Durch das Projekt \u201eUNGEBUNDEN.\u201c wird die Arbeit einer Literaturagentur in einem \u00fcber ein Semester angelegten Seminar praktisch erfahrbar gemacht. Die Studierenden erwerben in mehreren Sitzungen theoretische Grundlagen. Ein weiterer Schwerpunkt des Projekts ist die Kommunikation mit den Autor*innen: Die Studierenden werden durch ein Feedback-Training und die Vermittlung von Grundlagen der Gespr\u00e4chsf\u00fchrung darauf vorbereitet. Im zweiten [&hellip;]<\/p>\n","protected":false},"author":2,"featured_media":0,"parent":0,"menu_order":0,"comment_status":"closed","ping_status":"closed","template":"","meta":{"footnotes":""},"class_list":["post-10","page","type-page","status-publish","hentry","no-featured-image"],"_links":{"self":[{"href":"https:\/\/ungebunden.blogs.ruhr-uni-bochum.de\/index.php\/wp-json\/wp\/v2\/pages\/10","targetHints":{"allow":["GET"]}}],"collection":[{"href":"https:\/\/ungebunden.blogs.ruhr-uni-bochum.de\/index.php\/wp-json\/wp\/v2\/pages"}],"about":[{"href":"https:\/\/ungebunden.blogs.ruhr-uni-bochum.de\/index.php\/wp-json\/wp\/v2\/types\/page"}],"author":[{"embeddable":true,"href":"https:\/\/ungebunden.blogs.ruhr-uni-bochum.de\/index.php\/wp-json\/wp\/v2\/users\/2"}],"replies":[{"embeddable":true,"href":"https:\/\/ungebunden.blogs.ruhr-uni-bochum.de\/index.php\/wp-json\/wp\/v2\/comments?post=10"}],"version-history":[{"count":9,"href":"https:\/\/ungebunden.blogs.ruhr-uni-bochum.de\/index.php\/wp-json\/wp\/v2\/pages\/10\/revisions"}],"predecessor-version":[{"id":138,"href":"https:\/\/ungebunden.blogs.ruhr-uni-bochum.de\/index.php\/wp-json\/wp\/v2\/pages\/10\/revisions\/138"}],"wp:attachment":[{"href":"https:\/\/ungebunden.blogs.ruhr-uni-bochum.de\/index.php\/wp-json\/wp\/v2\/media?parent=10"}],"curies":[{"name":"wp","href":"https:\/\/api.w.org\/{rel}","templated":true}]}}